{"id":5907,"date":"2021-09-01T21:53:33","date_gmt":"2021-09-01T19:53:33","guid":{"rendered":"https:\/\/cloix-mendesgil.com\/?page_id=5907"},"modified":"2023-04-08T19:49:52","modified_gmt":"2023-04-08T17:49:52","slug":"privacy-policy","status":"publish","type":"page","link":"https:\/\/cloix-mendesgil.com\/en\/privacy-policy\/","title":{"rendered":"Privacy Policy"},"content":{"rendered":"\n<p>Le pr\u00e9sent document d\u00e9taille la politique de traitement et de conservation des donn\u00e9es \u00e0 caract\u00e8re personnel collect\u00e9es par l\u2019interm\u00e9diaire du site Internet https:\/\/cloix-mendesgil.com\/ (ci-apr\u00e8s le \u00ab Site \u00bb) par le responsable du traitement, la Soci\u00e9t\u00e9 d\u2019exercice lib\u00e9ral par actions simplifi\u00e9e (SELAS) Cloix &amp; Mend\u00e8s-Gil, ayant un capital de 80.000 euros, situ\u00e9e au 7 rue Auber 75009 Paris, immatricul\u00e9e au RCS de Paris sous le n\u00b0 D 440 889 624 (ci-apr\u00e8s le \u00ab Cabinet \u00bb).<br>Les traitements mis en \u0153uvre par le Cabinet dans le cadre de la gestion de ses relations avec ses clients fait l\u2019objet d\u2019une politique d\u00e9di\u00e9e.<\/p>\n\n\n\n<h2 class=\"wp-block-heading\">Contact<\/h2>\n\n\n\n<p>T\u00e9l. (33) 01.48.78.92.42<\/p>\n\n\n\n<p>Fax. (33) 01.48.78.92.40<\/p>\n\n\n\n<p>Mail : cabinet@cloix-mendesgil.com<\/p>\n\n\n\n<p>Pour toute question concernant la pr\u00e9sente Politique de Confidentialit\u00e9, nous vous invitons \u00e0 nous contacter comme suit&nbsp;:<\/p>\n\n\n\n<ul class=\"wp-block-list\">\n<li>Par courrier \u00e9lectronique \u00e0 l\u2019adresse suivante : sjoyeux@cloix-mendesgil.com&nbsp;;<\/li>\n\n\n\n<li>Par courrier \u00e0 l\u2019adresse suivante&nbsp;: Sylvain JOYEUX, Avocat, 7 rue Auber 75009 PARIS.<\/li>\n<\/ul>\n\n\n\n<h2 class=\"wp-block-heading\">Finalit\u00e9s, bases juridiques et dur\u00e9e des traitements mis en \u0153uvre<\/h2>\n\n\n\n<figure class=\"wp-block-table is-style-regular\"><table><tbody><tr><td><strong>Finalit\u00e9<\/strong><\/td><td><strong>Base l\u00e9gale<\/strong><\/td><td><strong>Dur\u00e9e de conservation<\/strong><\/td><\/tr><tr><td>Prise de contact initiale en vue de b\u00e9n\u00e9ficier de prestations<\/td><td>Ex\u00e9cution de mesures pr\u00e9contractuelles<\/td><td>3 ans \u00e0 compter du dernier contact par la personne concern\u00e9e<\/td><\/tr><tr><td>Traitement des candidatures (CV et lettre de motivation) et gestion des entretiens<\/td><td>Ex\u00e9cution de mesures pr\u00e9contractuelles<\/td><td>2 ans suivant le dernier contact par le candidat, si la candidature n\u2019est pas accept\u00e9e<\/td><\/tr><tr><td>Envoi des newsletters<\/td><td>Consentement<\/td><td>Jusqu\u2019\u00e0 l\u2019\u00e9ventuelle d\u00e9sinscription \u00e0 la newsletter<\/td><\/tr><tr><td>Gestion des demandes de droit RGPD<\/td><td>Obligation l\u00e9gale de r\u00e9pondre aux demandes d\u2019exercice des droits RGPD<\/td><td>Trois ans \u00e0 compter de la r\u00e9alisation (ou du refus). Si une copie de pi\u00e8ce d\u2019identit\u00e9 vous est demand\u00e9e, elle est conserv\u00e9e pendant un (1) an si votre demande tend \u00e0 exercer vos droits d\u2019acc\u00e8s ou de rectification et pendant trois (3) ans, en cas d\u2019exercice de votre droit d\u2019opposition ou de suppression<\/td><\/tr><tr><td>La r\u00e9alisation de diagnostics, de reporting, de statistiques et d\u2019audit<\/td><td>Int\u00e9r\u00eat l\u00e9gitime \u00e0 analyser la fr\u00e9quentation du Site \u00e0 des fins d\u2019am\u00e9lioration<\/td><td>Anonymis\u00e9es par voie d\u2019agr\u00e9gation statistique d\u00e8s la collecte<\/td><\/tr><\/tbody><\/table><\/figure>\n\n\n\n<h2 class=\"wp-block-heading\">Cookies strictement n\u00e9cessaires<\/h2>\n\n\n\n<p>Ces Cookies sont n\u00e9cessaires au fonctionnement du Site. Ils ont pour finalit\u00e9 exclusive de permettre ou faciliter la communication par voie \u00e9lectronique, ou sont strictement n\u00e9cessaires \u00e0 la fourniture d\u2019un service de communication en ligne, \u00e0 la demande des utilisateurs. Ils permettent \u00e0 l\u2019Utilisateur d\u2019utiliser les principales fonctionnalit\u00e9s du Site. Sans ces Cookies, l\u2019Utilisateur ne peut pas utiliser le Site normalement. Ces Cookies requi\u00e8rent uniquement une information de l\u2019Utilisateur pour \u00eatre d\u00e9pos\u00e9s et\/ou lus sur le Terminal de l\u2019Utilisateur et n\u2019autorisent aucun suivi comportemental ou d\u2019identification. Ils sont, selon la r\u00e9glementation en vigueur, exempt\u00e9 de recueil du consentement de l\u2019Utilisateur pour \u00eatre d\u00e9pos\u00e9s sur son Terminal.<\/p>\n\n\n\n<p>Les Cookies strictement n\u00e9cessaires au fonctionnement du Site sont les suivants :<\/p>\n\n\n\n<ul class=\"wp-block-list\">\n<li><strong>Cookies de base WordPress<\/strong>&nbsp;: Ces cookies permettent de v\u00e9rifier que le navigateur de l\u2019utilisateur est configur\u00e9 pour accepter les cookies et d\u2019enregistrer l\u2019identifiant de la session de navigation afin de la rafraichir au besoin.\n<ul class=\"wp-block-list\">\n<li>wordpress_[hash]&nbsp;: dur\u00e9e de vie&nbsp;: session<\/li>\n\n\n\n<li>wordpress_test_cookie&nbsp;: dur\u00e9e de vie&nbsp;: session<\/li>\n<\/ul>\n<\/li>\n<\/ul>\n\n\n\n<ul class=\"wp-block-list\">\n<li><strong>Cookie GDPR Cookie Compliance<\/strong>&nbsp;: Ce cookie permet d\u2019enregistrer les pr\u00e9f\u00e9rences des cookies de l\u2019utilisateur.\n<ul class=\"wp-block-list\">\n<li>moove_gdpr_popup \u2013 dur\u00e9e de vie&nbsp;: 30 jours<\/li>\n<\/ul>\n<\/li>\n<\/ul>\n\n\n\n<h2 class=\"wp-block-heading\">Destinataires des donn\u00e9es<\/h2>\n\n\n\n<p>Les donn\u00e9es \u00e0 caract\u00e8re personnel que le Cabinet collecte dans le cadre de votre utilisation du Site sont accessibles&nbsp;:<\/p>\n\n\n\n<ul class=\"wp-block-list\">\n<li>Par les personnels du Cabinet en charge de leur traitement, soumis \u00e0 une obligation contractuelle ou l\u00e9gale de confidentialit\u00e9&nbsp;;<\/li>\n\n\n\n<li>Par les personnels des \u00e9ventuels sous-traitants du Cabinet intervenant dans le cadre des traitements, soumis \u00e0 une obligation contractuelle de confidentialit\u00e9.<\/li>\n<\/ul>\n\n\n\n<h2 class=\"wp-block-heading\">Transferts de vos donn\u00e9es<\/h2>\n\n\n\n<p>Dans le cadre des traitements r\u00e9alis\u00e9s via le Site, le Cabinet ne transf\u00e8re pas vos donn\u00e9es \u00e0 caract\u00e8re personnel vers des destinataires situ\u00e9s hors de l\u2019Union europ\u00e9enne.<\/p>\n\n\n\n<h2 class=\"wp-block-heading\">Vos droits et leurs modalit\u00e9s d\u2019exercice<\/h2>\n\n\n\n<p>Dans le cadre du traitement de vos donn\u00e9es \u00e0 caract\u00e8re personne, et dans la mesure autoris\u00e9e par la r\u00e9glementation, vous disposez du droit de demander au Cabinet l&#8217;acc\u00e8s aux donn\u00e9es \u00e0 caract\u00e8re personnel vous concernant, la rectification ou l&#8217;effacement de celles-ci, ou une limitation de leur traitement, du droit de vous opposer au traitement, du droit \u00e0 la portabilit\u00e9 des donn\u00e9es ainsi que du droit de d\u00e9finir des directives sur le sort de vos donn\u00e9es apr\u00e8s la mort.<\/p>\n\n\n\n<p>Vous pouvez exercer vos droits&nbsp;:<\/p>\n\n\n\n<ul class=\"wp-block-list\">\n<li>Par courriel \u00e0 l\u2019adresse suivante : sjoyeux@cloix-mendesgil.com;<\/li>\n\n\n\n<li>Par courrier \u00e0 l\u2019adresse suivante&nbsp;: RGPD &#8211; cabinet Cloix &amp; Mend\u00e8s-Gil \u2013 7 rue Auber \u2013 75009 PARIS.<\/li>\n<\/ul>\n\n\n\n<p>Pour ce faire, vous devez indiquer clairement vos nom(s) et pr\u00e9nom(s), l\u2019adresse \u00e0 laquelle vous souhaitez que la r\u00e9ponse vous soit envoy\u00e9e et justifier de votre identit\u00e9 par tous moyens.<\/p>\n\n\n\n<p>Par ailleurs, lorsque le traitement est fond\u00e9 sur votre consentement, vous pouvez le retirer \u00e0 tout moment (en cliquant sur le lien de d\u00e9sinscription en bas du courriel d\u2019envoi de la newsletter).<\/p>\n\n\n\n<p>Enfin, vous pouvez introduire une r\u00e9clamation aupr\u00e8s de l\u2019autorit\u00e9 comp\u00e9tente, en France la CNIL.<\/p>\n","protected":false},"excerpt":{"rendered":"<p>Le pr\u00e9sent document d\u00e9taille la politique de traitement et de conservation des donn\u00e9es \u00e0 caract\u00e8re personnel collect\u00e9es par l\u2019interm\u00e9diaire du [&hellip;]<\/p>\n","protected":false},"author":1,"featured_media":0,"parent":0,"menu_order":0,"comment_status":"closed","ping_status":"closed","template":"","meta":{"footnotes":""},"class_list":["post-5907","page","type-page","status-publish","hentry"],"yoast_head":"<!-- This site is optimized with the Yoast SEO plugin v27.2 - https:\/\/yoast.com\/product\/yoast-seo-wordpress\/ -->\n<title>Privacy Policy - Cloix Mend\u00e8s-Gil<\/title>\n<meta name=\"robots\" content=\"index, follow, max-snippet:-1, max-image-preview:large, max-video-preview:-1\" \/>\n<link rel=\"canonical\" href=\"https:\/\/cloix-mendesgil.com\/en\/privacy-policy\/\" \/>\n<meta property=\"og:locale\" content=\"en_US\" \/>\n<meta property=\"og:type\" content=\"article\" \/>\n<meta property=\"og:title\" content=\"Privacy Policy - Cloix Mend\u00e8s-Gil\" \/>\n<meta property=\"og:description\" content=\"Le pr\u00e9sent document d\u00e9taille la politique de traitement et de conservation des donn\u00e9es \u00e0 caract\u00e8re personnel collect\u00e9es par l\u2019interm\u00e9diaire du [&hellip;]\" \/>\n<meta property=\"og:url\" content=\"https:\/\/cloix-mendesgil.com\/en\/privacy-policy\/\" \/>\n<meta property=\"og:site_name\" content=\"Cloix Mend\u00e8s-Gil\" \/>\n<meta property=\"article:modified_time\" content=\"2023-04-08T17:49:52+00:00\" \/>\n<meta property=\"og:image\" content=\"https:\/\/i0.wp.com\/cloix-mendesgil.com\/wp-content\/uploads\/2025\/03\/preview.png?fit=1200%2C630&ssl=1\" \/>\n\t<meta property=\"og:image:width\" content=\"1200\" \/>\n\t<meta property=\"og:image:height\" content=\"630\" \/>\n\t<meta property=\"og:image:type\" content=\"image\/png\" \/>\n<meta name=\"twitter:card\" content=\"summary_large_image\" \/>\n<meta name=\"twitter:label1\" content=\"Est. reading time\" \/>\n\t<meta name=\"twitter:data1\" content=\"5 minutes\" \/>\n<script type=\"application\/ld+json\" class=\"yoast-schema-graph\">{\"@context\":\"https:\/\/schema.org\",\"@graph\":[{\"@type\":\"WebPage\",\"@id\":\"https:\/\/cloix-mendesgil.com\/en\/privacy-policy\/\",\"url\":\"https:\/\/cloix-mendesgil.com\/en\/privacy-policy\/\",\"name\":\"Privacy Policy - Cloix Mend\u00e8s-Gil\",\"isPartOf\":{\"@id\":\"https:\/\/cloix-mendesgil.com\/en\/#website\"},\"datePublished\":\"2021-09-01T19:53:33+00:00\",\"dateModified\":\"2023-04-08T17:49:52+00:00\",\"breadcrumb\":{\"@id\":\"https:\/\/cloix-mendesgil.com\/en\/privacy-policy\/#breadcrumb\"},\"inLanguage\":\"en-US\",\"potentialAction\":[{\"@type\":\"ReadAction\",\"target\":[\"https:\/\/cloix-mendesgil.com\/en\/privacy-policy\/\"]}]},{\"@type\":\"BreadcrumbList\",\"@id\":\"https:\/\/cloix-mendesgil.com\/en\/privacy-policy\/#breadcrumb\",\"itemListElement\":[{\"@type\":\"ListItem\",\"position\":1,\"name\":\"Accueil\",\"item\":\"https:\/\/cloix-mendesgil.com\/en\/\"},{\"@type\":\"ListItem\",\"position\":2,\"name\":\"Privacy Policy\"}]},{\"@type\":\"WebSite\",\"@id\":\"https:\/\/cloix-mendesgil.com\/en\/#website\",\"url\":\"https:\/\/cloix-mendesgil.com\/en\/\",\"name\":\"Cloix Mend\u00e8s-Gil\",\"description\":\"Soci\u00e9t\u00e9 d&#039;avocats\",\"publisher\":{\"@id\":\"https:\/\/cloix-mendesgil.com\/en\/#organization\"},\"alternateName\":\"CMG\",\"potentialAction\":[{\"@type\":\"SearchAction\",\"target\":{\"@type\":\"EntryPoint\",\"urlTemplate\":\"https:\/\/cloix-mendesgil.com\/en\/?s={search_term_string}\"},\"query-input\":{\"@type\":\"PropertyValueSpecification\",\"valueRequired\":true,\"valueName\":\"search_term_string\"}}],\"inLanguage\":\"en-US\"},{\"@type\":\"Organization\",\"@id\":\"https:\/\/cloix-mendesgil.com\/en\/#organization\",\"name\":\"Cloix Mend\u00e8s-Gil\",\"alternateName\":\"CMG\",\"url\":\"https:\/\/cloix-mendesgil.com\/en\/\",\"logo\":{\"@type\":\"ImageObject\",\"inLanguage\":\"en-US\",\"@id\":\"https:\/\/cloix-mendesgil.com\/en\/#\/schema\/logo\/image\/\",\"url\":\"https:\/\/i0.wp.com\/cloix-mendesgil.com\/wp-content\/uploads\/2021\/12\/CLOIX_LOGO_BASELINE.png?fit=118%2C50&ssl=1\",\"contentUrl\":\"https:\/\/i0.wp.com\/cloix-mendesgil.com\/wp-content\/uploads\/2021\/12\/CLOIX_LOGO_BASELINE.png?fit=118%2C50&ssl=1\",\"width\":118,\"height\":50,\"caption\":\"Cloix Mend\u00e8s-Gil\"},\"image\":{\"@id\":\"https:\/\/cloix-mendesgil.com\/en\/#\/schema\/logo\/image\/\"},\"sameAs\":[\"https:\/\/www.linkedin.com\/company\/cloix-mendes-gil\/\"]}]}<\/script>\n<!-- \/ Yoast SEO plugin. -->","yoast_head_json":{"title":"Privacy Policy - Cloix Mend\u00e8s-Gil","robots":{"index":"index","follow":"follow","max-snippet":"max-snippet:-1","max-image-preview":"max-image-preview:large","max-video-preview":"max-video-preview:-1"},"canonical":"https:\/\/cloix-mendesgil.com\/en\/privacy-policy\/","og_locale":"en_US","og_type":"article","og_title":"Privacy Policy - Cloix Mend\u00e8s-Gil","og_description":"Le pr\u00e9sent document d\u00e9taille la politique de traitement et de conservation des donn\u00e9es \u00e0 caract\u00e8re personnel collect\u00e9es par l\u2019interm\u00e9diaire du [&hellip;]","og_url":"https:\/\/cloix-mendesgil.com\/en\/privacy-policy\/","og_site_name":"Cloix Mend\u00e8s-Gil","article_modified_time":"2023-04-08T17:49:52+00:00","og_image":[{"width":1200,"height":630,"url":"https:\/\/i0.wp.com\/cloix-mendesgil.com\/wp-content\/uploads\/2025\/03\/preview.png?fit=1200%2C630&ssl=1","type":"image\/png"}],"twitter_card":"summary_large_image","twitter_misc":{"Est. reading time":"5 minutes"},"schema":{"@context":"https:\/\/schema.org","@graph":[{"@type":"WebPage","@id":"https:\/\/cloix-mendesgil.com\/en\/privacy-policy\/","url":"https:\/\/cloix-mendesgil.com\/en\/privacy-policy\/","name":"Privacy Policy - Cloix Mend\u00e8s-Gil","isPartOf":{"@id":"https:\/\/cloix-mendesgil.com\/en\/#website"},"datePublished":"2021-09-01T19:53:33+00:00","dateModified":"2023-04-08T17:49:52+00:00","breadcrumb":{"@id":"https:\/\/cloix-mendesgil.com\/en\/privacy-policy\/#breadcrumb"},"inLanguage":"en-US","potentialAction":[{"@type":"ReadAction","target":["https:\/\/cloix-mendesgil.com\/en\/privacy-policy\/"]}]},{"@type":"BreadcrumbList","@id":"https:\/\/cloix-mendesgil.com\/en\/privacy-policy\/#breadcrumb","itemListElement":[{"@type":"ListItem","position":1,"name":"Accueil","item":"https:\/\/cloix-mendesgil.com\/en\/"},{"@type":"ListItem","position":2,"name":"Privacy Policy"}]},{"@type":"WebSite","@id":"https:\/\/cloix-mendesgil.com\/en\/#website","url":"https:\/\/cloix-mendesgil.com\/en\/","name":"Cloix Mend\u00e8s-Gil","description":"Soci\u00e9t\u00e9 d&#039;avocats","publisher":{"@id":"https:\/\/cloix-mendesgil.com\/en\/#organization"},"alternateName":"CMG","potentialAction":[{"@type":"SearchAction","target":{"@type":"EntryPoint","urlTemplate":"https:\/\/cloix-mendesgil.com\/en\/?s={search_term_string}"},"query-input":{"@type":"PropertyValueSpecification","valueRequired":true,"valueName":"search_term_string"}}],"inLanguage":"en-US"},{"@type":"Organization","@id":"https:\/\/cloix-mendesgil.com\/en\/#organization","name":"Cloix Mend\u00e8s-Gil","alternateName":"CMG","url":"https:\/\/cloix-mendesgil.com\/en\/","logo":{"@type":"ImageObject","inLanguage":"en-US","@id":"https:\/\/cloix-mendesgil.com\/en\/#\/schema\/logo\/image\/","url":"https:\/\/i0.wp.com\/cloix-mendesgil.com\/wp-content\/uploads\/2021\/12\/CLOIX_LOGO_BASELINE.png?fit=118%2C50&ssl=1","contentUrl":"https:\/\/i0.wp.com\/cloix-mendesgil.com\/wp-content\/uploads\/2021\/12\/CLOIX_LOGO_BASELINE.png?fit=118%2C50&ssl=1","width":118,"height":50,"caption":"Cloix Mend\u00e8s-Gil"},"image":{"@id":"https:\/\/cloix-mendesgil.com\/en\/#\/schema\/logo\/image\/"},"sameAs":["https:\/\/www.linkedin.com\/company\/cloix-mendes-gil\/"]}]}},"_links":{"self":[{"href":"https:\/\/cloix-mendesgil.com\/en\/wp-json\/wp\/v2\/pages\/5907","targetHints":{"allow":["GET"]}}],"collection":[{"href":"https:\/\/cloix-mendesgil.com\/en\/wp-json\/wp\/v2\/pages"}],"about":[{"href":"https:\/\/cloix-mendesgil.com\/en\/wp-json\/wp\/v2\/types\/page"}],"author":[{"embeddable":true,"href":"https:\/\/cloix-mendesgil.com\/en\/wp-json\/wp\/v2\/users\/1"}],"replies":[{"embeddable":true,"href":"https:\/\/cloix-mendesgil.com\/en\/wp-json\/wp\/v2\/comments?post=5907"}],"version-history":[{"count":1,"href":"https:\/\/cloix-mendesgil.com\/en\/wp-json\/wp\/v2\/pages\/5907\/revisions"}],"predecessor-version":[{"id":5908,"href":"https:\/\/cloix-mendesgil.com\/en\/wp-json\/wp\/v2\/pages\/5907\/revisions\/5908"}],"wp:attachment":[{"href":"https:\/\/cloix-mendesgil.com\/en\/wp-json\/wp\/v2\/media?parent=5907"}],"curies":[{"name":"wp","href":"https:\/\/api.w.org\/{rel}","templated":true}]}}