{"id":5905,"date":"2021-09-01T21:53:11","date_gmt":"2021-09-01T19:53:11","guid":{"rendered":"https:\/\/cloix-mendesgil.com\/?page_id=5905"},"modified":"2023-04-08T19:46:25","modified_gmt":"2023-04-08T17:46:25","slug":"legal-notice","status":"publish","type":"page","link":"https:\/\/cloix-mendesgil.com\/en\/legal-notice\/","title":{"rendered":"Legal notice"},"content":{"rendered":"\n<h2 class=\"wp-block-heading\"><strong>Editeur<\/strong><\/h2>\n\n\n\n<p>Cloix &amp; Mend\u00e8s-Gil, Soci\u00e9t\u00e9 d\u2019exercice lib\u00e9ral par actions simplifi\u00e9e (SELAS) au capital de 80.000 euros, situ\u00e9e au 7 rue Auber 75009 Paris, immatricul\u00e9e au RCS de Paris sous le n\u00b0 D 440 889&nbsp;624 (le Cabinet).<\/p>\n\n\n\n<p>T\u00e9l. (33) 01.48.78.92.42<\/p>\n\n\n\n<p>Fax. (33) 01.48.78.92.40<\/p>\n\n\n\n<p>Mail&nbsp;: cabinet@cloix-mendesgil.com<\/p>\n\n\n\n<p>Directeur de la publication&nbsp;: L\u00e9a DUHAMEL<\/p>\n\n\n\n<h2 class=\"wp-block-heading\">H\u00e9bergement<\/h2>\n\n\n\n<p>OVH<\/p>\n\n\n\n<p>2 rue Kellermann \u2013 59100 Roubaix \u2013 France<\/p>\n\n\n\n<p>T\u00e9l. (33) 09 72 10 10 07<\/p>\n\n\n\n<h2 class=\"wp-block-heading\">Cr\u00e9dits<\/h2>\n\n\n\n<p>Cr\u00e9ation du Site&nbsp;: CONCEPTION&nbsp;<a href=\"https:\/\/avocom.fr\/\">AVOCOM<\/a>&nbsp;X DESIGN&nbsp;<a href=\"https:\/\/agence-pleinlesyeux.com\/\">AGENCE PLEIN LES YEUX<\/a><\/p>\n\n\n\n<p>Photos Avocats&nbsp;: Laurence Guenoun<\/p>\n\n\n\n<h2 class=\"wp-block-heading\">Activit\u00e9<\/h2>\n\n\n\n<p>Le cabinet Cloix &amp; Mend\u00e8s-Gil exerce la profession r\u00e9glement\u00e9e d\u2019avocat. Les avocats du cabinet sont inscrits au sein du Barreau de Paris et soumis \u00e0 des r\u00e8gles d\u00e9ontologiques accessibles <a href=\"http:\/\/www.avocatparis-bdd.org\/ribp.htm\">ici<\/a>.<\/p>\n\n\n\n<h2 class=\"wp-block-heading\">Propri\u00e9t\u00e9 intellectuelle<\/h2>\n\n\n\n<p>Le Site (<a href=\"http:\/\/www.cloix-mendesgil.com\">www.cloix-mendesgil.com<\/a>) et chacun des \u00e9l\u00e9ments qui le compose, et notamment les textes, articles, lettres d\u2019informations, communiqu\u00e9s, pr\u00e9sentations, brochures, illustrations, photographies, et tous autres \u00e9l\u00e9ments constitutifs sont la propri\u00e9t\u00e9 intellectuelle exclusive du Cabinet \u00e0 l\u2019exception des marques de tiers qui pourraient \u00eatre cit\u00e9es.&nbsp;<\/p>\n\n\n\n<p>L\u2019utilisateur n\u2019est pas autoris\u00e9 \u00e0 reproduire, repr\u00e9senter, modifier, traduire et\/ou adapter, partiellement ou totalement, \u00e0 titre on\u00e9reux ou gratuit, le Site et chacun des \u00e9l\u00e9ments qui le compose, ni reproduire ou repr\u00e9senter de telles traductions, adaptations et modifications, partiellement ou totalement, \u00e0 titre on\u00e9reux ou gratuit, sans l\u2019accord pr\u00e9alable \u00e9crit du Cabinet. Toute courte citation devra faire appara\u00eetre le nom de son auteur et, le cas \u00e9ch\u00e9ant, la date et le num\u00e9ro de publication du document cit\u00e9.<\/p>\n\n\n\n<h2 class=\"wp-block-heading\">Conditions d&#8217;utilisation du site<\/h2>\n\n\n\n<p>En acc\u00e9dant et\/ou en parcourant le Site, tout Utilisateur accepte, tacitement et sans r\u00e9serve, les pr\u00e9sentes conditions d\u2019utilisation du Site.&nbsp;<\/p>\n\n\n\n<p>Le Site est r\u00e9serv\u00e9 \u00e0 l&#8217;usage priv\u00e9 de chaque Utilisateur.&nbsp;<\/p>\n\n\n\n<p>Le Site et les donn\u00e9es, informations et documents qu&#8217;il fournit n&#8217;ont qu&#8217;une vocation d&#8217;information g\u00e9n\u00e9rale non exhaustive sur le Cabinet et la profession d&#8217;avocats et ne peuvent en aucun cas \u00eatre consid\u00e9r\u00e9s comme constituant un acte de conseil juridique, un d\u00e9marchage, une sollicitation et\/ou une offre de services.&nbsp;<\/p>\n\n\n\n<p>Chaque Utilisateur est seul responsable de l&#8217;usage qu&#8217;il fait des informations fournies \u00e0 partir du Site et le Cabinet ne pourra en aucun cas \u00eatre tenu responsable de tous dommages directs ou indirects d\u00e9coulant de l&#8217;utilisation de ces informations par l&#8217;Utilisateur. Le Cabinet ne garantit pas que le Site sera accessible de mani\u00e8re continue.&nbsp;<\/p>\n\n\n\n<p>Toute utilisation ou insertion d&#8217;un lien vers une page sp\u00e9ciale du Site est strictement interdite, sauf autorisation pr\u00e9alable et \u00e9crite de l\u2019\u00e9diteur sollicit\u00e9e par courriel \u00e0 l&#8217;adresse suivante : <a href=\"mailto:cabinet@cloix-mendesgil.com\">cabinet@cloix-mendesgil.com<\/a>. L\u2019\u00e9diteur est enti\u00e8rement libre de refuser cette autorisation sans avoir \u00e0 motiver sa d\u00e9cision.<\/p>\n\n\n\n<p>Le Site peut contenir des liens vers d\u2019autres sites non \u00e9dit\u00e9s par le Cabinet et le Cabinet n\u2019est en rien responsable du contenu desdits sites.<\/p>\n\n\n\n<p>L\u2019\u00e9diteur peut \u00e0 tout moment suspendre interrompre ou limiter l\u2019acc\u00e8s du Site ou encore modifier ou supprimer toute information qui y figure.<\/p>\n\n\n\n<p>Les pr\u00e9sentes conditions d\u2019utilisation sont r\u00e9gies par la loi fran\u00e7aise et soumises \u00e0 la comp\u00e9tence des tribunaux de Paris.<\/p>\n","protected":false},"excerpt":{"rendered":"<p>Editeur Cloix &amp; Mend\u00e8s-Gil, Soci\u00e9t\u00e9 d\u2019exercice lib\u00e9ral par actions simplifi\u00e9e (SELAS) au capital de 80.000 euros, situ\u00e9e au 7 rue [&hellip;]<\/p>\n","protected":false},"author":1,"featured_media":0,"parent":0,"menu_order":0,"comment_status":"closed","ping_status":"closed","template":"","meta":{"footnotes":""},"class_list":["post-5905","page","type-page","status-publish","hentry"],"yoast_head":"<!-- This site is optimized with the Yoast SEO plugin v27.2 - https:\/\/yoast.com\/product\/yoast-seo-wordpress\/ -->\n<title>Legal notice - Cloix Mend\u00e8s-Gil<\/title>\n<meta name=\"robots\" content=\"index, follow, max-snippet:-1, max-image-preview:large, max-video-preview:-1\" \/>\n<link rel=\"canonical\" href=\"https:\/\/cloix-mendesgil.com\/en\/legal-notice\/\" \/>\n<meta property=\"og:locale\" content=\"en_US\" \/>\n<meta property=\"og:type\" content=\"article\" \/>\n<meta property=\"og:title\" content=\"Legal notice - Cloix Mend\u00e8s-Gil\" \/>\n<meta property=\"og:description\" content=\"Editeur Cloix &amp; Mend\u00e8s-Gil, Soci\u00e9t\u00e9 d\u2019exercice lib\u00e9ral par actions simplifi\u00e9e (SELAS) au capital de 80.000 euros, situ\u00e9e au 7 rue [&hellip;]\" \/>\n<meta property=\"og:url\" content=\"https:\/\/cloix-mendesgil.com\/en\/legal-notice\/\" \/>\n<meta property=\"og:site_name\" content=\"Cloix Mend\u00e8s-Gil\" \/>\n<meta property=\"article:modified_time\" content=\"2023-04-08T17:46:25+00:00\" \/>\n<meta property=\"og:image\" content=\"https:\/\/i0.wp.com\/cloix-mendesgil.com\/wp-content\/uploads\/2025\/03\/preview.png?fit=1200%2C630&ssl=1\" \/>\n\t<meta property=\"og:image:width\" content=\"1200\" \/>\n\t<meta property=\"og:image:height\" content=\"630\" \/>\n\t<meta property=\"og:image:type\" content=\"image\/png\" \/>\n<meta name=\"twitter:card\" content=\"summary_large_image\" \/>\n<meta name=\"twitter:label1\" content=\"Est. reading time\" \/>\n\t<meta name=\"twitter:data1\" content=\"3 minutes\" \/>\n<script type=\"application\/ld+json\" class=\"yoast-schema-graph\">{\"@context\":\"https:\/\/schema.org\",\"@graph\":[{\"@type\":\"WebPage\",\"@id\":\"https:\/\/cloix-mendesgil.com\/en\/legal-notice\/\",\"url\":\"https:\/\/cloix-mendesgil.com\/en\/legal-notice\/\",\"name\":\"Legal notice - Cloix Mend\u00e8s-Gil\",\"isPartOf\":{\"@id\":\"https:\/\/cloix-mendesgil.com\/en\/#website\"},\"datePublished\":\"2021-09-01T19:53:11+00:00\",\"dateModified\":\"2023-04-08T17:46:25+00:00\",\"breadcrumb\":{\"@id\":\"https:\/\/cloix-mendesgil.com\/en\/legal-notice\/#breadcrumb\"},\"inLanguage\":\"en-US\",\"potentialAction\":[{\"@type\":\"ReadAction\",\"target\":[\"https:\/\/cloix-mendesgil.com\/en\/legal-notice\/\"]}]},{\"@type\":\"BreadcrumbList\",\"@id\":\"https:\/\/cloix-mendesgil.com\/en\/legal-notice\/#breadcrumb\",\"itemListElement\":[{\"@type\":\"ListItem\",\"position\":1,\"name\":\"Accueil\",\"item\":\"https:\/\/cloix-mendesgil.com\/en\/\"},{\"@type\":\"ListItem\",\"position\":2,\"name\":\"Legal notice\"}]},{\"@type\":\"WebSite\",\"@id\":\"https:\/\/cloix-mendesgil.com\/en\/#website\",\"url\":\"https:\/\/cloix-mendesgil.com\/en\/\",\"name\":\"Cloix Mend\u00e8s-Gil\",\"description\":\"Soci\u00e9t\u00e9 d&#039;avocats\",\"publisher\":{\"@id\":\"https:\/\/cloix-mendesgil.com\/en\/#organization\"},\"alternateName\":\"CMG\",\"potentialAction\":[{\"@type\":\"SearchAction\",\"target\":{\"@type\":\"EntryPoint\",\"urlTemplate\":\"https:\/\/cloix-mendesgil.com\/en\/?s={search_term_string}\"},\"query-input\":{\"@type\":\"PropertyValueSpecification\",\"valueRequired\":true,\"valueName\":\"search_term_string\"}}],\"inLanguage\":\"en-US\"},{\"@type\":\"Organization\",\"@id\":\"https:\/\/cloix-mendesgil.com\/en\/#organization\",\"name\":\"Cloix Mend\u00e8s-Gil\",\"alternateName\":\"CMG\",\"url\":\"https:\/\/cloix-mendesgil.com\/en\/\",\"logo\":{\"@type\":\"ImageObject\",\"inLanguage\":\"en-US\",\"@id\":\"https:\/\/cloix-mendesgil.com\/en\/#\/schema\/logo\/image\/\",\"url\":\"https:\/\/i0.wp.com\/cloix-mendesgil.com\/wp-content\/uploads\/2021\/12\/CLOIX_LOGO_BASELINE.png?fit=118%2C50&ssl=1\",\"contentUrl\":\"https:\/\/i0.wp.com\/cloix-mendesgil.com\/wp-content\/uploads\/2021\/12\/CLOIX_LOGO_BASELINE.png?fit=118%2C50&ssl=1\",\"width\":118,\"height\":50,\"caption\":\"Cloix Mend\u00e8s-Gil\"},\"image\":{\"@id\":\"https:\/\/cloix-mendesgil.com\/en\/#\/schema\/logo\/image\/\"},\"sameAs\":[\"https:\/\/www.linkedin.com\/company\/cloix-mendes-gil\/\"]}]}<\/script>\n<!-- \/ Yoast SEO plugin. -->","yoast_head_json":{"title":"Legal notice - Cloix Mend\u00e8s-Gil","robots":{"index":"index","follow":"follow","max-snippet":"max-snippet:-1","max-image-preview":"max-image-preview:large","max-video-preview":"max-video-preview:-1"},"canonical":"https:\/\/cloix-mendesgil.com\/en\/legal-notice\/","og_locale":"en_US","og_type":"article","og_title":"Legal notice - Cloix Mend\u00e8s-Gil","og_description":"Editeur Cloix &amp; Mend\u00e8s-Gil, Soci\u00e9t\u00e9 d\u2019exercice lib\u00e9ral par actions simplifi\u00e9e (SELAS) au capital de 80.000 euros, situ\u00e9e au 7 rue [&hellip;]","og_url":"https:\/\/cloix-mendesgil.com\/en\/legal-notice\/","og_site_name":"Cloix Mend\u00e8s-Gil","article_modified_time":"2023-04-08T17:46:25+00:00","og_image":[{"width":1200,"height":630,"url":"https:\/\/i0.wp.com\/cloix-mendesgil.com\/wp-content\/uploads\/2025\/03\/preview.png?fit=1200%2C630&ssl=1","type":"image\/png"}],"twitter_card":"summary_large_image","twitter_misc":{"Est. reading time":"3 minutes"},"schema":{"@context":"https:\/\/schema.org","@graph":[{"@type":"WebPage","@id":"https:\/\/cloix-mendesgil.com\/en\/legal-notice\/","url":"https:\/\/cloix-mendesgil.com\/en\/legal-notice\/","name":"Legal notice - Cloix Mend\u00e8s-Gil","isPartOf":{"@id":"https:\/\/cloix-mendesgil.com\/en\/#website"},"datePublished":"2021-09-01T19:53:11+00:00","dateModified":"2023-04-08T17:46:25+00:00","breadcrumb":{"@id":"https:\/\/cloix-mendesgil.com\/en\/legal-notice\/#breadcrumb"},"inLanguage":"en-US","potentialAction":[{"@type":"ReadAction","target":["https:\/\/cloix-mendesgil.com\/en\/legal-notice\/"]}]},{"@type":"BreadcrumbList","@id":"https:\/\/cloix-mendesgil.com\/en\/legal-notice\/#breadcrumb","itemListElement":[{"@type":"ListItem","position":1,"name":"Accueil","item":"https:\/\/cloix-mendesgil.com\/en\/"},{"@type":"ListItem","position":2,"name":"Legal notice"}]},{"@type":"WebSite","@id":"https:\/\/cloix-mendesgil.com\/en\/#website","url":"https:\/\/cloix-mendesgil.com\/en\/","name":"Cloix Mend\u00e8s-Gil","description":"Soci\u00e9t\u00e9 d&#039;avocats","publisher":{"@id":"https:\/\/cloix-mendesgil.com\/en\/#organization"},"alternateName":"CMG","potentialAction":[{"@type":"SearchAction","target":{"@type":"EntryPoint","urlTemplate":"https:\/\/cloix-mendesgil.com\/en\/?s={search_term_string}"},"query-input":{"@type":"PropertyValueSpecification","valueRequired":true,"valueName":"search_term_string"}}],"inLanguage":"en-US"},{"@type":"Organization","@id":"https:\/\/cloix-mendesgil.com\/en\/#organization","name":"Cloix Mend\u00e8s-Gil","alternateName":"CMG","url":"https:\/\/cloix-mendesgil.com\/en\/","logo":{"@type":"ImageObject","inLanguage":"en-US","@id":"https:\/\/cloix-mendesgil.com\/en\/#\/schema\/logo\/image\/","url":"https:\/\/i0.wp.com\/cloix-mendesgil.com\/wp-content\/uploads\/2021\/12\/CLOIX_LOGO_BASELINE.png?fit=118%2C50&ssl=1","contentUrl":"https:\/\/i0.wp.com\/cloix-mendesgil.com\/wp-content\/uploads\/2021\/12\/CLOIX_LOGO_BASELINE.png?fit=118%2C50&ssl=1","width":118,"height":50,"caption":"Cloix Mend\u00e8s-Gil"},"image":{"@id":"https:\/\/cloix-mendesgil.com\/en\/#\/schema\/logo\/image\/"},"sameAs":["https:\/\/www.linkedin.com\/company\/cloix-mendes-gil\/"]}]}},"_links":{"self":[{"href":"https:\/\/cloix-mendesgil.com\/en\/wp-json\/wp\/v2\/pages\/5905","targetHints":{"allow":["GET"]}}],"collection":[{"href":"https:\/\/cloix-mendesgil.com\/en\/wp-json\/wp\/v2\/pages"}],"about":[{"href":"https:\/\/cloix-mendesgil.com\/en\/wp-json\/wp\/v2\/types\/page"}],"author":[{"embeddable":true,"href":"https:\/\/cloix-mendesgil.com\/en\/wp-json\/wp\/v2\/users\/1"}],"replies":[{"embeddable":true,"href":"https:\/\/cloix-mendesgil.com\/en\/wp-json\/wp\/v2\/comments?post=5905"}],"version-history":[{"count":1,"href":"https:\/\/cloix-mendesgil.com\/en\/wp-json\/wp\/v2\/pages\/5905\/revisions"}],"predecessor-version":[{"id":5906,"href":"https:\/\/cloix-mendesgil.com\/en\/wp-json\/wp\/v2\/pages\/5905\/revisions\/5906"}],"wp:attachment":[{"href":"https:\/\/cloix-mendesgil.com\/en\/wp-json\/wp\/v2\/media?parent=5905"}],"curies":[{"name":"wp","href":"https:\/\/api.w.org\/{rel}","templated":true}]}}